{"id":7180,"date":"2021-06-24T08:28:28","date_gmt":"2021-06-24T08:28:28","guid":{"rendered":"https:\/\/denco.ee\/kkk\/"},"modified":"2024-05-22T18:56:45","modified_gmt":"2024-05-22T18:56:45","slug":"kkk","status":"publish","type":"page","link":"https:\/\/denco.ee\/et\/kkk\/","title":{"rendered":"KKK"},"content":{"rendered":"\t\t<div data-elementor-type=\"wp-page\" data-elementor-id=\"7180\" class=\"elementor elementor-7180 elementor-767\">\n\t\t\t\t\t\t<section class=\"elementor-section elementor-top-section elementor-element elementor-element-07f9540 elementor-section-boxed elementor-section-height-default elementor-section-height-default\" data-id=\"07f9540\" data-element_type=\"section\" data-e-type=\"section\">\n\t\t\t\t\t\t<div class=\"elementor-container elementor-column-gap-default\">\n\t\t\t\t\t<div class=\"elementor-column elementor-col-100 elementor-top-column elementor-element elementor-element-bdabc34\" data-id=\"bdabc34\" data-element_type=\"column\" data-e-type=\"column\">\n\t\t\t<div class=\"elementor-widget-wrap elementor-element-populated\">\n\t\t\t\t\t\t<div class=\"elementor-element elementor-element-b1bf441 elementor-widget elementor-widget-spacer\" data-id=\"b1bf441\" data-element_type=\"widget\" data-e-type=\"widget\" data-widget_type=\"spacer.default\">\n\t\t\t\t<div class=\"elementor-widget-container\">\n\t\t\t\t\t\t\t<div class=\"elementor-spacer\">\n\t\t\t<div class=\"elementor-spacer-inner\"><\/div>\n\t\t<\/div>\n\t\t\t\t\t\t<\/div>\n\t\t\t\t<\/div>\n\t\t\t\t\t<\/div>\n\t\t<\/div>\n\t\t\t\t\t<\/div>\n\t\t<\/section>\n\t\t\t\t<section class=\"elementor-section elementor-top-section elementor-element elementor-element-9c3954c elementor-section-boxed elementor-section-height-default elementor-section-height-default\" data-id=\"9c3954c\" data-element_type=\"section\" data-e-type=\"section\">\n\t\t\t\t\t\t<div class=\"elementor-container elementor-column-gap-default\">\n\t\t\t\t\t<div class=\"elementor-column elementor-col-100 elementor-top-column elementor-element elementor-element-f3ee951\" data-id=\"f3ee951\" data-element_type=\"column\" data-e-type=\"column\">\n\t\t\t<div class=\"elementor-widget-wrap elementor-element-populated\">\n\t\t\t\t\t\t<div class=\"elementor-element elementor-element-f95190b elementor-view-default elementor-widget elementor-widget-wgl-toggle-accordion\" data-id=\"f95190b\" data-element_type=\"widget\" data-e-type=\"widget\" data-widget_type=\"wgl-toggle-accordion.default\">\n\t\t\t\t<div class=\"elementor-widget-container\">\n\t\t\t\t\t<div class=\"wgl-accordion icon-plus\" id=\"wgl-accordion-f95190b\" data-type=\"toggle\"><div class=\"wgl-accordion_panel\"><h4 id=\"wgl-accordion_header-2611\" class=\"wgl-accordion_header\" data-default=\"yes\"><span class=\"wgl-accordion_title\">Kuidas piiri\u00fcletus toimub?<\/span><i class=\"wgl-accordion_icon elementor-icon \"><\/i><\/h4><div class=\"wgl-accordion_content\">Teid viiakse Narvas piirile, \u00fcletate piiripunkti jalgsi ja meie teine s\u00f5iduk kohtub teiega Ivangorodis.<\/div><\/div><div class=\"wgl-accordion_panel\"><h4 id=\"wgl-accordion_header-2612\" class=\"wgl-accordion_header\" data-default=\"\"><span class=\"wgl-accordion_title\">Ma ei soovi piiri jalgsi \u00fcletada, kas ma saan minna autoga?<\/span><i class=\"wgl-accordion_icon elementor-icon \"><\/i><\/h4><div class=\"wgl-accordion_content\">Jah, saate, kuid see v\u00f5ib v\u00f5tta v\u00e4ga kaua aega ja see on palju kulukam.<\/div><\/div><div class=\"wgl-accordion_panel\"><h4 id=\"wgl-accordion_header-2613\" class=\"wgl-accordion_header\" data-default=\"\"><span class=\"wgl-accordion_title\">Kui palju aega kulub Tallinnast (TLL) Peterburi (SPB) j\u00f5udmiseks ja piiri \u00fcletamiseks?<\/span><i class=\"wgl-accordion_icon elementor-icon \"><\/i><\/h4><div class=\"wgl-accordion_content\">Umbes 5-6 tundi.<\/div><\/div><div class=\"wgl-accordion_panel\"><h4 id=\"wgl-accordion_header-2614\" class=\"wgl-accordion_header\" data-default=\"\"><span class=\"wgl-accordion_title\">Kas teekonnal on peatusi?<\/span><i class=\"wgl-accordion_icon elementor-icon \"><\/i><\/h4><div class=\"wgl-accordion_content\">Kliendi soovil jah.<\/div><\/div><div class=\"wgl-accordion_panel\"><h4 id=\"wgl-accordion_header-2615\" class=\"wgl-accordion_header\" data-default=\"\"><span class=\"wgl-accordion_title\">Kas on v\u00f5imalik reisida ka lemmikloomadega?<\/span><i class=\"wgl-accordion_icon elementor-icon \"><\/i><\/h4><div class=\"wgl-accordion_content\"><p>Jah.<\/p>\n<\/div><\/div><\/div>\t\t\t\t<\/div>\n\t\t\t\t<\/div>\n\t\t\t\t\t<\/div>\n\t\t<\/div>\n\t\t\t\t\t<\/div>\n\t\t<\/section>\n\t\t\t\t<section class=\"elementor-section elementor-top-section elementor-element elementor-element-ce7b59b elementor-section-boxed elementor-section-height-default elementor-section-height-default\" data-id=\"ce7b59b\" data-element_type=\"section\" data-e-type=\"section\">\n\t\t\t\t\t\t<div class=\"elementor-container elementor-column-gap-default\">\n\t\t\t\t\t<div class=\"elementor-column elementor-col-100 elementor-top-column elementor-element elementor-element-eadd359\" data-id=\"eadd359\" data-element_type=\"column\" data-e-type=\"column\">\n\t\t\t<div class=\"elementor-widget-wrap elementor-element-populated\">\n\t\t\t\t\t\t<div class=\"elementor-element elementor-element-2eed3e1 elementor-widget elementor-widget-spacer\" data-id=\"2eed3e1\" data-element_type=\"widget\" data-e-type=\"widget\" data-widget_type=\"spacer.default\">\n\t\t\t\t<div class=\"elementor-widget-container\">\n\t\t\t\t\t\t\t<div class=\"elementor-spacer\">\n\t\t\t<div class=\"elementor-spacer-inner\"><\/div>\n\t\t<\/div>\n\t\t\t\t\t\t<\/div>\n\t\t\t\t<\/div>\n\t\t\t\t\t<\/div>\n\t\t<\/div>\n\t\t\t\t\t<\/div>\n\t\t<\/section>\n\t\t\t\t<section class=\"elementor-section elementor-top-section elementor-element elementor-element-1fd923b elementor-section-boxed elementor-section-height-default elementor-section-height-default\" data-id=\"1fd923b\" data-element_type=\"section\" data-e-type=\"section\" data-settings=\"{&quot;background_background&quot;:&quot;classic&quot;}\">\n\t\t\t\t\t\t<div class=\"elementor-container elementor-column-gap-default\">\n\t\t\t\t\t<div class=\"elementor-column elementor-col-100 elementor-top-column elementor-element elementor-element-7916249\" data-id=\"7916249\" data-element_type=\"column\" data-e-type=\"column\">\n\t\t\t<div class=\"elementor-widget-wrap elementor-element-populated\">\n\t\t\t\t\t\t<div class=\"elementor-element elementor-element-4c2150e elementor-widget elementor-widget-spacer\" data-id=\"4c2150e\" data-element_type=\"widget\" data-e-type=\"widget\" data-widget_type=\"spacer.default\">\n\t\t\t\t<div class=\"elementor-widget-container\">\n\t\t\t\t\t\t\t<div class=\"elementor-spacer\">\n\t\t\t<div class=\"elementor-spacer-inner\"><\/div>\n\t\t<\/div>\n\t\t\t\t\t\t<\/div>\n\t\t\t\t<\/div>\n\t\t\t\t<div class=\"elementor-element elementor-element-d5d7ddc elementor-widget__width-initial elementor-widget elementor-widget-heading\" data-id=\"d5d7ddc\" data-element_type=\"widget\" data-e-type=\"widget\" data-widget_type=\"heading.default\">\n\t\t\t\t<div class=\"elementor-widget-container\">\n\t\t\t\t\t<h4 class=\"elementor-heading-title elementor-size-default\">Kui teil on teenuste kohta k\u00fcsimusi, v\u00f5tke meiega \u00fchendust.<\/h4>\t\t\t\t<\/div>\n\t\t\t\t<\/div>\n\t\t\t\t<div class=\"elementor-element elementor-element-7aea206 elementor-widget elementor-widget-spacer\" data-id=\"7aea206\" data-element_type=\"widget\" data-e-type=\"widget\" data-widget_type=\"spacer.default\">\n\t\t\t\t<div class=\"elementor-widget-container\">\n\t\t\t\t\t\t\t<div class=\"elementor-spacer\">\n\t\t\t<div class=\"elementor-spacer-inner\"><\/div>\n\t\t<\/div>\n\t\t\t\t\t\t<\/div>\n\t\t\t\t<\/div>\n\t\t\t\t<div class=\"elementor-element elementor-element-43431bb a-mobilecenter elementor-widget__width-auto elementor-widget-mobile__width-inherit elementor-widget elementor-widget-wgl-button\" data-id=\"43431bb\" data-element_type=\"widget\" data-e-type=\"widget\" data-widget_type=\"wgl-button.default\">\n\t\t\t\t<div class=\"elementor-widget-container\">\n\t\t\t\t\t<div class=\"button-wrapper\"><a  class=\"wgl-button btn-size-lg \" role=\"button\" href=\"https:\/\/denco.ee\/et\/kontakt\/\"><div class=\"button-content-wrapper \"><span class=\"wgl-button-text\">Kontakt<\/span><\/div><\/a><\/div>\t\t\t\t<\/div>\n\t\t\t\t<\/div>\n\t\t\t\t<div class=\"elementor-element elementor-element-89cfcaf aleft a-mobilecenter elementor-widget__width-auto elementor-widget-mobile__width-inherit elementor-widget-icon-box wgl-icon-box elementor-widget elementor-widget-wgl-button\" data-id=\"89cfcaf\" data-element_type=\"widget\" data-e-type=\"widget\" data-widget_type=\"wgl-button.default\">\n\t\t\t\t<div class=\"elementor-widget-container\">\n\t\t\t\t\t<div class=\"button-wrapper\"><a  class=\"wgl-button btn-size-lg \" role=\"button\"><div class=\"button-content-wrapper align-icon-left\"><div class=\"media-wrapper icon-wrapper\"><span class=\"wgl-icon\" ><i class=\"icon elementor-icon flaticon flaticon-call\" aria-hidden=\"true\"><\/i><\/span><\/div><span class=\"wgl-button-text\">+(372) 525 3040<\/span><\/div><\/a><\/div>\t\t\t\t<\/div>\n\t\t\t\t<\/div>\n\t\t\t\t<div class=\"elementor-element elementor-element-01ce81b elementor-widget elementor-widget-spacer\" data-id=\"01ce81b\" data-element_type=\"widget\" data-e-type=\"widget\" data-widget_type=\"spacer.default\">\n\t\t\t\t<div class=\"elementor-widget-container\">\n\t\t\t\t\t\t\t<div class=\"elementor-spacer\">\n\t\t\t<div class=\"elementor-spacer-inner\"><\/div>\n\t\t<\/div>\n\t\t\t\t\t\t<\/div>\n\t\t\t\t<\/div>\n\t\t\t\t\t<\/div>\n\t\t<\/div>\n\t\t\t\t\t<\/div>\n\t\t<\/section>\n\t\t\t\t<\/div>\n\t\t","protected":false},"excerpt":{"rendered":"<p>Kuidas piiri\u00fcletus toimub? Teid viiakse Narvas piirile, \u00fcletate piiripunkti jalgsi ja meie teine s\u00f5iduk kohtub teiega Ivangorodis. Ma ei soovi piiri jalgsi \u00fcletada, kas ma saan minna autoga? Jah, saate, kuid see v\u00f5ib v\u00f5tta v\u00e4ga kaua aega ja see on palju kulukam. Kui palju aega kulub Tallinnast (TLL) Peterburi (SPB) j\u00f5udmiseks ja piiri \u00fcletamiseks? Umbes [&hellip;]<\/p>\n","protected":false},"author":1,"featured_media":0,"parent":0,"menu_order":0,"comment_status":"closed","ping_status":"closed","template":"","meta":{"footnotes":""},"class_list":["post-7180","page","type-page","status-publish","hentry"],"yoast_head":"<!-- This site is optimized with the Yoast SEO plugin v27.5 - https:\/\/yoast.com\/product\/yoast-seo-wordpress\/ -->\n<title>KKK - Denco<\/title>\n<meta name=\"robots\" content=\"index, follow, max-snippet:-1, max-image-preview:large, max-video-preview:-1\" \/>\n<link rel=\"canonical\" href=\"https:\/\/denco.ee\/et\/kkk\/\" \/>\n<meta property=\"og:locale\" content=\"et_EE\" \/>\n<meta property=\"og:type\" content=\"article\" \/>\n<meta property=\"og:title\" content=\"KKK - Denco\" \/>\n<meta property=\"og:description\" content=\"Kuidas piiri\u00fcletus toimub? Teid viiakse Narvas piirile, \u00fcletate piiripunkti jalgsi ja meie teine s\u00f5iduk kohtub teiega Ivangorodis. Ma ei soovi piiri jalgsi \u00fcletada, kas ma saan minna autoga? Jah, saate, kuid see v\u00f5ib v\u00f5tta v\u00e4ga kaua aega ja see on palju kulukam. Kui palju aega kulub Tallinnast (TLL) Peterburi (SPB) j\u00f5udmiseks ja piiri \u00fcletamiseks? Umbes [&hellip;]\" \/>\n<meta property=\"og:url\" content=\"https:\/\/denco.ee\/et\/kkk\/\" \/>\n<meta property=\"og:site_name\" content=\"Denco\" \/>\n<meta property=\"article:modified_time\" content=\"2024-05-22T18:56:45+00:00\" \/>\n<meta name=\"twitter:card\" content=\"summary_large_image\" \/>\n<meta name=\"twitter:label1\" content=\"Est. reading time\" \/>\n\t<meta name=\"twitter:data1\" content=\"1 minut\" \/>\n<script type=\"application\/ld+json\" class=\"yoast-schema-graph\">{\"@context\":\"https:\\\/\\\/schema.org\",\"@graph\":[{\"@type\":\"WebPage\",\"@id\":\"https:\\\/\\\/denco.ee\\\/et\\\/kkk\\\/\",\"url\":\"https:\\\/\\\/denco.ee\\\/et\\\/kkk\\\/\",\"name\":\"KKK - Denco\",\"isPartOf\":{\"@id\":\"https:\\\/\\\/denco.ee\\\/et\\\/#website\"},\"datePublished\":\"2021-06-24T08:28:28+00:00\",\"dateModified\":\"2024-05-22T18:56:45+00:00\",\"breadcrumb\":{\"@id\":\"https:\\\/\\\/denco.ee\\\/et\\\/kkk\\\/#breadcrumb\"},\"inLanguage\":\"et\",\"potentialAction\":[{\"@type\":\"ReadAction\",\"target\":[\"https:\\\/\\\/denco.ee\\\/et\\\/kkk\\\/\"]}]},{\"@type\":\"BreadcrumbList\",\"@id\":\"https:\\\/\\\/denco.ee\\\/et\\\/kkk\\\/#breadcrumb\",\"itemListElement\":[{\"@type\":\"ListItem\",\"position\":1,\"name\":\"Home\",\"item\":\"https:\\\/\\\/denco.ee\\\/et\\\/\"},{\"@type\":\"ListItem\",\"position\":2,\"name\":\"KKK\"}]},{\"@type\":\"WebSite\",\"@id\":\"https:\\\/\\\/denco.ee\\\/et\\\/#website\",\"url\":\"https:\\\/\\\/denco.ee\\\/et\\\/\",\"name\":\"Denco\",\"description\":\"Laevade agenteerimine, maanteetransport ja reisijatevedu\",\"publisher\":{\"@id\":\"https:\\\/\\\/denco.ee\\\/et\\\/#organization\"},\"potentialAction\":[{\"@type\":\"SearchAction\",\"target\":{\"@type\":\"EntryPoint\",\"urlTemplate\":\"https:\\\/\\\/denco.ee\\\/et\\\/?s={search_term_string}\"},\"query-input\":{\"@type\":\"PropertyValueSpecification\",\"valueRequired\":true,\"valueName\":\"search_term_string\"}}],\"inLanguage\":\"et\"},{\"@type\":\"Organization\",\"@id\":\"https:\\\/\\\/denco.ee\\\/et\\\/#organization\",\"name\":\"Denco Agency O\u00dc\",\"url\":\"https:\\\/\\\/denco.ee\\\/et\\\/\",\"logo\":{\"@type\":\"ImageObject\",\"inLanguage\":\"et\",\"@id\":\"https:\\\/\\\/denco.ee\\\/et\\\/#\\\/schema\\\/logo\\\/image\\\/\",\"url\":\"https:\\\/\\\/denco.ee\\\/wp-content\\\/uploads\\\/2024\\\/02\\\/denco_logo.svg\",\"contentUrl\":\"https:\\\/\\\/denco.ee\\\/wp-content\\\/uploads\\\/2024\\\/02\\\/denco_logo.svg\",\"width\":401,\"height\":178,\"caption\":\"Denco Agency O\u00dc\"},\"image\":{\"@id\":\"https:\\\/\\\/denco.ee\\\/et\\\/#\\\/schema\\\/logo\\\/image\\\/\"}}]}<\/script>\n<!-- \/ Yoast SEO plugin. -->","yoast_head_json":{"title":"KKK - Denco","robots":{"index":"index","follow":"follow","max-snippet":"max-snippet:-1","max-image-preview":"max-image-preview:large","max-video-preview":"max-video-preview:-1"},"canonical":"https:\/\/denco.ee\/et\/kkk\/","og_locale":"et_EE","og_type":"article","og_title":"KKK - Denco","og_description":"Kuidas piiri\u00fcletus toimub? Teid viiakse Narvas piirile, \u00fcletate piiripunkti jalgsi ja meie teine s\u00f5iduk kohtub teiega Ivangorodis. Ma ei soovi piiri jalgsi \u00fcletada, kas ma saan minna autoga? Jah, saate, kuid see v\u00f5ib v\u00f5tta v\u00e4ga kaua aega ja see on palju kulukam. Kui palju aega kulub Tallinnast (TLL) Peterburi (SPB) j\u00f5udmiseks ja piiri \u00fcletamiseks? Umbes [&hellip;]","og_url":"https:\/\/denco.ee\/et\/kkk\/","og_site_name":"Denco","article_modified_time":"2024-05-22T18:56:45+00:00","twitter_card":"summary_large_image","twitter_misc":{"Est. reading time":"1 minut"},"schema":{"@context":"https:\/\/schema.org","@graph":[{"@type":"WebPage","@id":"https:\/\/denco.ee\/et\/kkk\/","url":"https:\/\/denco.ee\/et\/kkk\/","name":"KKK - Denco","isPartOf":{"@id":"https:\/\/denco.ee\/et\/#website"},"datePublished":"2021-06-24T08:28:28+00:00","dateModified":"2024-05-22T18:56:45+00:00","breadcrumb":{"@id":"https:\/\/denco.ee\/et\/kkk\/#breadcrumb"},"inLanguage":"et","potentialAction":[{"@type":"ReadAction","target":["https:\/\/denco.ee\/et\/kkk\/"]}]},{"@type":"BreadcrumbList","@id":"https:\/\/denco.ee\/et\/kkk\/#breadcrumb","itemListElement":[{"@type":"ListItem","position":1,"name":"Home","item":"https:\/\/denco.ee\/et\/"},{"@type":"ListItem","position":2,"name":"KKK"}]},{"@type":"WebSite","@id":"https:\/\/denco.ee\/et\/#website","url":"https:\/\/denco.ee\/et\/","name":"Denco","description":"Laevade agenteerimine, maanteetransport ja reisijatevedu","publisher":{"@id":"https:\/\/denco.ee\/et\/#organization"},"potentialAction":[{"@type":"SearchAction","target":{"@type":"EntryPoint","urlTemplate":"https:\/\/denco.ee\/et\/?s={search_term_string}"},"query-input":{"@type":"PropertyValueSpecification","valueRequired":true,"valueName":"search_term_string"}}],"inLanguage":"et"},{"@type":"Organization","@id":"https:\/\/denco.ee\/et\/#organization","name":"Denco Agency O\u00dc","url":"https:\/\/denco.ee\/et\/","logo":{"@type":"ImageObject","inLanguage":"et","@id":"https:\/\/denco.ee\/et\/#\/schema\/logo\/image\/","url":"https:\/\/denco.ee\/wp-content\/uploads\/2024\/02\/denco_logo.svg","contentUrl":"https:\/\/denco.ee\/wp-content\/uploads\/2024\/02\/denco_logo.svg","width":401,"height":178,"caption":"Denco Agency O\u00dc"},"image":{"@id":"https:\/\/denco.ee\/et\/#\/schema\/logo\/image\/"}}]}},"_links":{"self":[{"href":"https:\/\/denco.ee\/et\/wp-json\/wp\/v2\/pages\/7180","targetHints":{"allow":["GET"]}}],"collection":[{"href":"https:\/\/denco.ee\/et\/wp-json\/wp\/v2\/pages"}],"about":[{"href":"https:\/\/denco.ee\/et\/wp-json\/wp\/v2\/types\/page"}],"author":[{"embeddable":true,"href":"https:\/\/denco.ee\/et\/wp-json\/wp\/v2\/users\/1"}],"replies":[{"embeddable":true,"href":"https:\/\/denco.ee\/et\/wp-json\/wp\/v2\/comments?post=7180"}],"version-history":[{"count":16,"href":"https:\/\/denco.ee\/et\/wp-json\/wp\/v2\/pages\/7180\/revisions"}],"predecessor-version":[{"id":7946,"href":"https:\/\/denco.ee\/et\/wp-json\/wp\/v2\/pages\/7180\/revisions\/7946"}],"wp:attachment":[{"href":"https:\/\/denco.ee\/et\/wp-json\/wp\/v2\/media?parent=7180"}],"curies":[{"name":"wp","href":"https:\/\/api.w.org\/{rel}","templated":true}]}}