{"id":7185,"date":"2021-06-24T06:41:19","date_gmt":"2021-06-24T06:41:19","guid":{"rendered":"https:\/\/denco.ee\/kontakt\/"},"modified":"2024-05-13T15:54:12","modified_gmt":"2024-05-13T15:54:12","slug":"kontakt","status":"publish","type":"page","link":"https:\/\/denco.ee\/et\/kontakt\/","title":{"rendered":"Kontakt"},"content":{"rendered":"\t\t<div data-elementor-type=\"wp-page\" data-elementor-id=\"7185\" class=\"elementor elementor-7185 elementor-618\">\n\t\t\t\t\t\t<section class=\"elementor-section elementor-top-section elementor-element elementor-element-a0ab620 elementor-section-boxed elementor-section-height-default elementor-section-height-default\" data-id=\"a0ab620\" data-element_type=\"section\" data-e-type=\"section\">\n\t\t\t\t\t\t<div class=\"elementor-container elementor-column-gap-default\">\n\t\t\t\t\t<div class=\"elementor-column elementor-col-100 elementor-top-column elementor-element elementor-element-d125ff8\" data-id=\"d125ff8\" data-element_type=\"column\" data-e-type=\"column\">\n\t\t\t<div class=\"elementor-widget-wrap elementor-element-populated\">\n\t\t\t\t\t\t<div class=\"elementor-element elementor-element-afac11b elementor-widget elementor-widget-spacer\" data-id=\"afac11b\" data-element_type=\"widget\" data-e-type=\"widget\" data-widget_type=\"spacer.default\">\n\t\t\t\t<div class=\"elementor-widget-container\">\n\t\t\t\t\t\t\t<div class=\"elementor-spacer\">\n\t\t\t<div class=\"elementor-spacer-inner\"><\/div>\n\t\t<\/div>\n\t\t\t\t\t\t<\/div>\n\t\t\t\t<\/div>\n\t\t\t\t\t<\/div>\n\t\t<\/div>\n\t\t\t\t\t<\/div>\n\t\t<\/section>\n\t\t\t\t<section class=\"elementor-section elementor-top-section elementor-element elementor-element-f72f0f1 elementor-section-boxed elementor-section-height-default elementor-section-height-default\" data-id=\"f72f0f1\" data-element_type=\"section\" data-e-type=\"section\">\n\t\t\t\t\t\t<div class=\"elementor-container elementor-column-gap-default\">\n\t\t\t\t\t<div class=\"elementor-column elementor-col-33 elementor-top-column elementor-element elementor-element-e8cc4d6\" data-id=\"e8cc4d6\" data-element_type=\"column\" data-e-type=\"column\">\n\t\t\t<div class=\"elementor-widget-wrap elementor-element-populated\">\n\t\t\t\t\t\t<div class=\"elementor-element elementor-element-55cf1d8 aleft elementor-widget-icon-box wgl-icon-box elementor-view-bubble animation_bubble elementor-widget elementor-widget-wgl-info-box\" data-id=\"55cf1d8\" data-element_type=\"widget\" data-e-type=\"widget\" data-widget_type=\"wgl-info-box.default\">\n\t\t\t\t<div class=\"elementor-widget-container\">\n\t\t\t\t\t<div class=\"wgl-infobox\"><div class=\"wgl-infobox_wrapper wgl-layout-left\"><div class=\"media-wrapper icon-wrapper\"><\/div><div class=\"content_wrapper\"><div class=\"wgl-infobox-title_wrapper\"><h3 class=\"wgl-infobox_title\"><span class=\"wgl-infobox_title-idle\">DENCO AGENCY O\u00dc<\/span><\/h3><\/div><div class=\"wgl-infobox_content\"><p><span>Registrikood: 11125644<br \/>\nAadress: Pune 16-11 Tallinn 12015 Estonia<br \/>\n<\/span><\/p>\n<\/div><\/div><\/div><\/div>\t\t\t\t<\/div>\n\t\t\t\t<\/div>\n\t\t\t\t<div class=\"elementor-element elementor-element-c660aa1 aleft elementor-widget-icon-box wgl-icon-box elementor-view-bubble animation_bubble elementor-widget elementor-widget-wgl-info-box\" data-id=\"c660aa1\" data-element_type=\"widget\" data-e-type=\"widget\" data-widget_type=\"wgl-info-box.default\">\n\t\t\t\t<div class=\"elementor-widget-container\">\n\t\t\t\t\t<div class=\"wgl-infobox\"><div class=\"wgl-infobox_wrapper wgl-layout-left\"><div class=\"media-wrapper icon-wrapper\"><\/div><div class=\"content_wrapper\"><div class=\"wgl-infobox-title_wrapper\"><h3 class=\"wgl-infobox_title\"><span class=\"wgl-infobox_title-idle\">Info:<\/span><\/h3><\/div><div class=\"wgl-infobox_content\"><p>+(372) 525 3040 - Peadirektor, Denis Denissov<\/p>\n<\/div><\/div><\/div><\/div>\t\t\t\t<\/div>\n\t\t\t\t<\/div>\n\t\t\t\t<div class=\"elementor-element elementor-element-bb0b8b6 aleft elementor-widget-icon-box wgl-icon-box elementor-view-bubble animation_bubble elementor-widget elementor-widget-wgl-info-box\" data-id=\"bb0b8b6\" data-element_type=\"widget\" data-e-type=\"widget\" data-widget_type=\"wgl-info-box.default\">\n\t\t\t\t<div class=\"elementor-widget-container\">\n\t\t\t\t\t<div class=\"wgl-infobox\"><div class=\"wgl-infobox_wrapper wgl-layout-left\"><div class=\"media-wrapper icon-wrapper\"><\/div><div class=\"content_wrapper\"><div class=\"wgl-infobox-title_wrapper\"><h3 class=\"wgl-infobox_title\"><span class=\"wgl-infobox_title-idle\">Telefon:<\/span><\/h3><\/div><div class=\"wgl-infobox_content\"><p>+(372) 528 0620 - Tegevjuht, Jevgeni Denissov<br \/>+(372) 525 3040 - Peadirektor, Denis Denissov<\/p>\n<\/div><\/div><\/div><\/div>\t\t\t\t<\/div>\n\t\t\t\t<\/div>\n\t\t\t\t<div class=\"elementor-element elementor-element-084fa88 aleft elementor-widget-icon-box wgl-icon-box elementor-view-bubble animation_bubble elementor-widget elementor-widget-wgl-info-box\" data-id=\"084fa88\" data-element_type=\"widget\" data-e-type=\"widget\" data-widget_type=\"wgl-info-box.default\">\n\t\t\t\t<div class=\"elementor-widget-container\">\n\t\t\t\t\t<div class=\"wgl-infobox\"><a class=\"wgl-infobox__link\" href=\"mailto:denco.agency@mail.ee\"><\/a><div class=\"wgl-infobox_wrapper wgl-layout-left\"><div class=\"media-wrapper icon-wrapper\"><\/div><div class=\"content_wrapper\"><div class=\"wgl-infobox-title_wrapper\"><h3 class=\"wgl-infobox_title\"><span class=\"wgl-infobox_title-idle\">E-mail:<\/span><\/h3><\/div><div class=\"wgl-infobox_content\"><p>denco.agency@mail.ee<\/p>\n<\/div><\/div><\/div><\/div>\t\t\t\t<\/div>\n\t\t\t\t<\/div>\n\t\t\t\t\t<\/div>\n\t\t<\/div>\n\t\t\t\t<div class=\"elementor-column elementor-col-33 elementor-top-column elementor-element elementor-element-751222f\" data-id=\"751222f\" data-element_type=\"column\" data-e-type=\"column\">\n\t\t\t<div class=\"elementor-widget-wrap\">\n\t\t\t\t\t\t\t<\/div>\n\t\t<\/div>\n\t\t\t\t<div class=\"elementor-column elementor-col-33 elementor-top-column elementor-element elementor-element-e784cbf\" data-id=\"e784cbf\" data-element_type=\"column\" data-e-type=\"column\">\n\t\t\t<div class=\"elementor-widget-wrap\">\n\t\t\t\t\t\t\t<\/div>\n\t\t<\/div>\n\t\t\t\t\t<\/div>\n\t\t<\/section>\n\t\t\t\t<section class=\"elementor-section elementor-top-section elementor-element elementor-element-950ffb2 elementor-section-boxed elementor-section-height-default elementor-section-height-default\" data-id=\"950ffb2\" data-element_type=\"section\" data-e-type=\"section\">\n\t\t\t\t\t\t<div class=\"elementor-container elementor-column-gap-default\">\n\t\t\t\t\t<div class=\"elementor-column elementor-col-100 elementor-top-column elementor-element elementor-element-02dbe17\" data-id=\"02dbe17\" data-element_type=\"column\" data-e-type=\"column\">\n\t\t\t<div class=\"elementor-widget-wrap elementor-element-populated\">\n\t\t\t\t\t\t<div class=\"elementor-element elementor-element-2759516 elementor-widget elementor-widget-spacer\" data-id=\"2759516\" data-element_type=\"widget\" data-e-type=\"widget\" data-widget_type=\"spacer.default\">\n\t\t\t\t<div class=\"elementor-widget-container\">\n\t\t\t\t\t\t\t<div class=\"elementor-spacer\">\n\t\t\t<div class=\"elementor-spacer-inner\"><\/div>\n\t\t<\/div>\n\t\t\t\t\t\t<\/div>\n\t\t\t\t<\/div>\n\t\t\t\t\t<\/div>\n\t\t<\/div>\n\t\t\t\t\t<\/div>\n\t\t<\/section>\n\t\t\t\t<section class=\"elementor-section elementor-top-section elementor-element elementor-element-c927e5d elementor-reverse-tablet elementor-reverse-mobile elementor-section-boxed elementor-section-height-default elementor-section-height-default\" data-id=\"c927e5d\" data-element_type=\"section\" data-e-type=\"section\">\n\t\t\t\t\t\t<div class=\"elementor-container elementor-column-gap-default\">\n\t\t\t\t\t<div class=\"elementor-column elementor-col-50 elementor-top-column elementor-element elementor-element-e5838c0 animated-slow elementor-invisible\" data-id=\"e5838c0\" data-element_type=\"column\" data-e-type=\"column\" data-settings=\"{&quot;animation&quot;:&quot;fadeInUp&quot;,&quot;background_background&quot;:&quot;classic&quot;}\">\n\t\t\t<div class=\"elementor-widget-wrap elementor-element-populated\">\n\t\t\t\t\t\t<div class=\"elementor-element elementor-element-07f6d8f elementor-widget elementor-widget-heading\" data-id=\"07f6d8f\" data-element_type=\"widget\" data-e-type=\"widget\" data-widget_type=\"heading.default\">\n\t\t\t\t<div class=\"elementor-widget-container\">\n\t\t\t\t\t<h4 class=\"elementor-heading-title elementor-size-default\">Kui teil on k\u00fcsimusi, v\u00f5tke meiega julgelt \u00fchendust.<\/h4>\t\t\t\t<\/div>\n\t\t\t\t<\/div>\n\t\t\t\t<div class=\"elementor-element elementor-element-f675d62 elementor-widget elementor-widget-text-editor\" data-id=\"f675d62\" data-element_type=\"widget\" data-e-type=\"widget\" data-widget_type=\"text-editor.default\">\n\t\t\t\t<div class=\"elementor-widget-container\">\n\t\t\t\t\t\t\t\t\t<p>V\u00f5tame teiega \u00fchendust e-posti teel 24 tunni jooksul, et arutada \u00fcksikasju.<\/p>\n\t\t\t\t\t\t\t\t<\/div>\n\t\t\t\t<\/div>\n\t\t\t\t<div class=\"elementor-element elementor-element-7908e3f elementor-widget elementor-widget-text-editor\" data-id=\"7908e3f\" data-element_type=\"widget\" data-e-type=\"widget\" data-widget_type=\"text-editor.default\">\n\t\t\t\t<div class=\"elementor-widget-container\">\n\t\t\t\t\t\t\t\t\t<p class=\"wpcf7-contact-form-not-found\"><strong>Error:<\/strong> Contact form not found.<\/p>\n\t\t\t\t\t\t\t\t<\/div>\n\t\t\t\t<\/div>\n\t\t\t\t\t<\/div>\n\t\t<\/div>\n\t\t\t\t<div class=\"elementor-column elementor-col-50 elementor-top-column elementor-element elementor-element-2ae3958 elementor-invisible\" data-id=\"2ae3958\" data-element_type=\"column\" data-e-type=\"column\" data-settings=\"{&quot;animation&quot;:&quot;fadeInUp&quot;}\">\n\t\t\t<div class=\"elementor-widget-wrap elementor-element-populated\">\n\t\t\t\t\t\t<div class=\"elementor-element elementor-element-5095573 elementor-widget elementor-widget-google_maps\" data-id=\"5095573\" data-element_type=\"widget\" data-e-type=\"widget\" data-widget_type=\"google_maps.default\">\n\t\t\t\t<div class=\"elementor-widget-container\">\n\t\t\t\t\t\t\t<div class=\"elementor-custom-embed\">\n\t\t\t<iframe loading=\"lazy\"\n\t\t\t\t\tsrc=\"https:\/\/www.google.com\/maps\/embed\/v1\/place?key=AIzaSyBKh6yxbeTOJVFyesHJXSyQokc9HwvND4Y&#038;q=Pune%20tee%2016-11&#038;zoom=15\"\n\t\t\t\t\ttitle=\"Pune tee 16-11\"\n\t\t\t\t\taria-label=\"Pune tee 16-11\"\n\t\t\t><\/iframe>\n\t\t<\/div>\n\t\t\t\t\t\t<\/div>\n\t\t\t\t<\/div>\n\t\t\t\t\t<\/div>\n\t\t<\/div>\n\t\t\t\t\t<\/div>\n\t\t<\/section>\n\t\t\t\t<section class=\"elementor-section elementor-top-section elementor-element elementor-element-96938d7 elementor-section-boxed elementor-section-height-default elementor-section-height-default\" data-id=\"96938d7\" data-element_type=\"section\" data-e-type=\"section\">\n\t\t\t\t\t\t<div class=\"elementor-container elementor-column-gap-default\">\n\t\t\t\t\t<div class=\"elementor-column elementor-col-100 elementor-top-column elementor-element elementor-element-8b30b49\" data-id=\"8b30b49\" data-element_type=\"column\" data-e-type=\"column\">\n\t\t\t<div class=\"elementor-widget-wrap elementor-element-populated\">\n\t\t\t\t\t\t<div class=\"elementor-element elementor-element-2bad4c6 elementor-widget elementor-widget-spacer\" data-id=\"2bad4c6\" data-element_type=\"widget\" data-e-type=\"widget\" data-widget_type=\"spacer.default\">\n\t\t\t\t<div class=\"elementor-widget-container\">\n\t\t\t\t\t\t\t<div class=\"elementor-spacer\">\n\t\t\t<div class=\"elementor-spacer-inner\"><\/div>\n\t\t<\/div>\n\t\t\t\t\t\t<\/div>\n\t\t\t\t<\/div>\n\t\t\t\t\t<\/div>\n\t\t<\/div>\n\t\t\t\t\t<\/div>\n\t\t<\/section>\n\t\t\t\t<\/div>\n\t\t","protected":false},"excerpt":{"rendered":"<p>DENCO AGENCY O\u00dc Registrikood: 11125644 Aadress: Pune 16-11 Tallinn 12015 Estonia Info: +(372) 525 3040 &#8211; Peadirektor, Denis Denissov Telefon: +(372) 528 0620 &#8211; Tegevjuht, Jevgeni Denissov+(372) 525 3040 &#8211; Peadirektor, Denis Denissov E-mail: denco.agency@mail.ee Kui teil on k\u00fcsimusi, v\u00f5tke meiega julgelt \u00fchendust. V\u00f5tame teiega \u00fchendust e-posti teel 24 tunni jooksul, et arutada \u00fcksikasju.<\/p>\n","protected":false},"author":1,"featured_media":0,"parent":0,"menu_order":0,"comment_status":"closed","ping_status":"closed","template":"","meta":{"footnotes":""},"class_list":["post-7185","page","type-page","status-publish","hentry"],"yoast_head":"<!-- This site is optimized with the Yoast SEO plugin v27.4 - https:\/\/yoast.com\/product\/yoast-seo-wordpress\/ -->\n<title>Kontakt - Denco<\/title>\n<meta name=\"robots\" content=\"index, follow, max-snippet:-1, max-image-preview:large, max-video-preview:-1\" \/>\n<link rel=\"canonical\" href=\"https:\/\/denco.ee\/et\/kontakt\/\" \/>\n<meta property=\"og:locale\" content=\"et_EE\" \/>\n<meta property=\"og:type\" content=\"article\" \/>\n<meta property=\"og:title\" content=\"Kontakt - Denco\" \/>\n<meta property=\"og:description\" content=\"DENCO AGENCY O\u00dc Registrikood: 11125644 Aadress: Pune 16-11 Tallinn 12015 Estonia Info: +(372) 525 3040 &#8211; Peadirektor, Denis Denissov Telefon: +(372) 528 0620 &#8211; Tegevjuht, Jevgeni Denissov+(372) 525 3040 &#8211; Peadirektor, Denis Denissov E-mail: denco.agency@mail.ee Kui teil on k\u00fcsimusi, v\u00f5tke meiega julgelt \u00fchendust. V\u00f5tame teiega \u00fchendust e-posti teel 24 tunni jooksul, et arutada \u00fcksikasju.\" \/>\n<meta property=\"og:url\" content=\"https:\/\/denco.ee\/et\/kontakt\/\" \/>\n<meta property=\"og:site_name\" content=\"Denco\" \/>\n<meta property=\"article:modified_time\" content=\"2024-05-13T15:54:12+00:00\" \/>\n<meta name=\"twitter:card\" content=\"summary_large_image\" \/>\n<script type=\"application\/ld+json\" class=\"yoast-schema-graph\">{\"@context\":\"https:\\\/\\\/schema.org\",\"@graph\":[{\"@type\":\"WebPage\",\"@id\":\"https:\\\/\\\/denco.ee\\\/et\\\/kontakt\\\/\",\"url\":\"https:\\\/\\\/denco.ee\\\/et\\\/kontakt\\\/\",\"name\":\"Kontakt - Denco\",\"isPartOf\":{\"@id\":\"https:\\\/\\\/denco.ee\\\/et\\\/#website\"},\"datePublished\":\"2021-06-24T06:41:19+00:00\",\"dateModified\":\"2024-05-13T15:54:12+00:00\",\"breadcrumb\":{\"@id\":\"https:\\\/\\\/denco.ee\\\/et\\\/kontakt\\\/#breadcrumb\"},\"inLanguage\":\"et\",\"potentialAction\":[{\"@type\":\"ReadAction\",\"target\":[\"https:\\\/\\\/denco.ee\\\/et\\\/kontakt\\\/\"]}]},{\"@type\":\"BreadcrumbList\",\"@id\":\"https:\\\/\\\/denco.ee\\\/et\\\/kontakt\\\/#breadcrumb\",\"itemListElement\":[{\"@type\":\"ListItem\",\"position\":1,\"name\":\"Home\",\"item\":\"https:\\\/\\\/denco.ee\\\/et\\\/\"},{\"@type\":\"ListItem\",\"position\":2,\"name\":\"Kontakt\"}]},{\"@type\":\"WebSite\",\"@id\":\"https:\\\/\\\/denco.ee\\\/et\\\/#website\",\"url\":\"https:\\\/\\\/denco.ee\\\/et\\\/\",\"name\":\"Denco\",\"description\":\"Laevade agenteerimine, maanteetransport ja reisijatevedu\",\"publisher\":{\"@id\":\"https:\\\/\\\/denco.ee\\\/et\\\/#organization\"},\"potentialAction\":[{\"@type\":\"SearchAction\",\"target\":{\"@type\":\"EntryPoint\",\"urlTemplate\":\"https:\\\/\\\/denco.ee\\\/et\\\/?s={search_term_string}\"},\"query-input\":{\"@type\":\"PropertyValueSpecification\",\"valueRequired\":true,\"valueName\":\"search_term_string\"}}],\"inLanguage\":\"et\"},{\"@type\":\"Organization\",\"@id\":\"https:\\\/\\\/denco.ee\\\/et\\\/#organization\",\"name\":\"Denco Agency O\u00dc\",\"url\":\"https:\\\/\\\/denco.ee\\\/et\\\/\",\"logo\":{\"@type\":\"ImageObject\",\"inLanguage\":\"et\",\"@id\":\"https:\\\/\\\/denco.ee\\\/et\\\/#\\\/schema\\\/logo\\\/image\\\/\",\"url\":\"https:\\\/\\\/denco.ee\\\/wp-content\\\/uploads\\\/2024\\\/02\\\/denco_logo.svg\",\"contentUrl\":\"https:\\\/\\\/denco.ee\\\/wp-content\\\/uploads\\\/2024\\\/02\\\/denco_logo.svg\",\"width\":401,\"height\":178,\"caption\":\"Denco Agency O\u00dc\"},\"image\":{\"@id\":\"https:\\\/\\\/denco.ee\\\/et\\\/#\\\/schema\\\/logo\\\/image\\\/\"}}]}<\/script>\n<!-- \/ Yoast SEO plugin. -->","yoast_head_json":{"title":"Kontakt - Denco","robots":{"index":"index","follow":"follow","max-snippet":"max-snippet:-1","max-image-preview":"max-image-preview:large","max-video-preview":"max-video-preview:-1"},"canonical":"https:\/\/denco.ee\/et\/kontakt\/","og_locale":"et_EE","og_type":"article","og_title":"Kontakt - Denco","og_description":"DENCO AGENCY O\u00dc Registrikood: 11125644 Aadress: Pune 16-11 Tallinn 12015 Estonia Info: +(372) 525 3040 &#8211; Peadirektor, Denis Denissov Telefon: +(372) 528 0620 &#8211; Tegevjuht, Jevgeni Denissov+(372) 525 3040 &#8211; Peadirektor, Denis Denissov E-mail: denco.agency@mail.ee Kui teil on k\u00fcsimusi, v\u00f5tke meiega julgelt \u00fchendust. V\u00f5tame teiega \u00fchendust e-posti teel 24 tunni jooksul, et arutada \u00fcksikasju.","og_url":"https:\/\/denco.ee\/et\/kontakt\/","og_site_name":"Denco","article_modified_time":"2024-05-13T15:54:12+00:00","twitter_card":"summary_large_image","schema":{"@context":"https:\/\/schema.org","@graph":[{"@type":"WebPage","@id":"https:\/\/denco.ee\/et\/kontakt\/","url":"https:\/\/denco.ee\/et\/kontakt\/","name":"Kontakt - Denco","isPartOf":{"@id":"https:\/\/denco.ee\/et\/#website"},"datePublished":"2021-06-24T06:41:19+00:00","dateModified":"2024-05-13T15:54:12+00:00","breadcrumb":{"@id":"https:\/\/denco.ee\/et\/kontakt\/#breadcrumb"},"inLanguage":"et","potentialAction":[{"@type":"ReadAction","target":["https:\/\/denco.ee\/et\/kontakt\/"]}]},{"@type":"BreadcrumbList","@id":"https:\/\/denco.ee\/et\/kontakt\/#breadcrumb","itemListElement":[{"@type":"ListItem","position":1,"name":"Home","item":"https:\/\/denco.ee\/et\/"},{"@type":"ListItem","position":2,"name":"Kontakt"}]},{"@type":"WebSite","@id":"https:\/\/denco.ee\/et\/#website","url":"https:\/\/denco.ee\/et\/","name":"Denco","description":"Laevade agenteerimine, maanteetransport ja reisijatevedu","publisher":{"@id":"https:\/\/denco.ee\/et\/#organization"},"potentialAction":[{"@type":"SearchAction","target":{"@type":"EntryPoint","urlTemplate":"https:\/\/denco.ee\/et\/?s={search_term_string}"},"query-input":{"@type":"PropertyValueSpecification","valueRequired":true,"valueName":"search_term_string"}}],"inLanguage":"et"},{"@type":"Organization","@id":"https:\/\/denco.ee\/et\/#organization","name":"Denco Agency O\u00dc","url":"https:\/\/denco.ee\/et\/","logo":{"@type":"ImageObject","inLanguage":"et","@id":"https:\/\/denco.ee\/et\/#\/schema\/logo\/image\/","url":"https:\/\/denco.ee\/wp-content\/uploads\/2024\/02\/denco_logo.svg","contentUrl":"https:\/\/denco.ee\/wp-content\/uploads\/2024\/02\/denco_logo.svg","width":401,"height":178,"caption":"Denco Agency O\u00dc"},"image":{"@id":"https:\/\/denco.ee\/et\/#\/schema\/logo\/image\/"}}]}},"_links":{"self":[{"href":"https:\/\/denco.ee\/et\/wp-json\/wp\/v2\/pages\/7185","targetHints":{"allow":["GET"]}}],"collection":[{"href":"https:\/\/denco.ee\/et\/wp-json\/wp\/v2\/pages"}],"about":[{"href":"https:\/\/denco.ee\/et\/wp-json\/wp\/v2\/types\/page"}],"author":[{"embeddable":true,"href":"https:\/\/denco.ee\/et\/wp-json\/wp\/v2\/users\/1"}],"replies":[{"embeddable":true,"href":"https:\/\/denco.ee\/et\/wp-json\/wp\/v2\/comments?post=7185"}],"version-history":[{"count":12,"href":"https:\/\/denco.ee\/et\/wp-json\/wp\/v2\/pages\/7185\/revisions"}],"predecessor-version":[{"id":7669,"href":"https:\/\/denco.ee\/et\/wp-json\/wp\/v2\/pages\/7185\/revisions\/7669"}],"wp:attachment":[{"href":"https:\/\/denco.ee\/et\/wp-json\/wp\/v2\/media?parent=7185"}],"curies":[{"name":"wp","href":"https:\/\/api.w.org\/{rel}","templated":true}]}}