{"id":7209,"date":"2024-02-21T12:54:08","date_gmt":"2024-02-21T12:54:08","guid":{"rendered":"https:\/\/denco.ee\/tingimused\/"},"modified":"2024-05-13T10:13:23","modified_gmt":"2024-05-13T10:13:23","slug":"tingimused","status":"publish","type":"page","link":"https:\/\/denco.ee\/et\/tingimused\/","title":{"rendered":"Tingimused"},"content":{"rendered":"\n<p><br><strong>\u00dcldtingimused<\/strong><\/p>\n\n\n\n<p>Need tingimused reguleerivad veebisaidi denco.ee (edaspidi \u201cVeebisait\u201d) kasutamist. Veebisaidi omanik ja operaator on DENCO AGENCY O\u00dc (edaspidi \u201cMeie\u201d). Veebisaiti kasutades n\u00f5ustute nende tingimustega. Kui te nende tingimustega ei n\u00f5ustu, \u00e4rge palun kasutage seda veebisaiti.<\/p>\n\n\n\n<p><strong>Autori\u00f5igused<\/strong><\/p>\n\n\n\n<p>Kogu sisu, sealhulgas tekstid ja pildid veebisaidil on meie v\u00f5i kolmanda osapoole intellektuaalomand ja on kaitstud autori\u00f5igustega. Te ei tohi ilma meie v\u00f5i vastava kolmanda osapoole kirjaliku loata kopeerida, levitada, muuta ega muul viisil reprodutseerida veebisaidi sisu.<\/p>\n\n\n\n<p><strong>Tingimuste muudatused<\/strong><\/p>\n\n\n\n<p>J\u00e4tame endale \u00f5iguse igal ajal oma tingimusi v\u00e4rskendada. Soovitame kasutajatel regulaarselt seda lehte muudatuste kontrollimiseks k\u00fclastada.<\/p>\n\n\n\n<p><strong>Vaidluste lahendamine<\/strong><\/p>\n\n\n\n<p>K\u00f5ik nende tingimustega seotud vaidlused lahendatakse vastavalt Eesti Vabariigi seadustele.<\/p>\n","protected":false},"excerpt":{"rendered":"<p>\u00dcldtingimused Need tingimused reguleerivad veebisaidi denco.ee (edaspidi \u201cVeebisait\u201d) kasutamist. Veebisaidi omanik ja operaator on DENCO AGENCY O\u00dc (edaspidi \u201cMeie\u201d). Veebisaiti kasutades n\u00f5ustute nende tingimustega. Kui te nende tingimustega ei n\u00f5ustu, \u00e4rge palun kasutage seda veebisaiti. Autori\u00f5igused Kogu sisu, sealhulgas tekstid ja pildid veebisaidil on meie v\u00f5i kolmanda osapoole intellektuaalomand ja on kaitstud autori\u00f5igustega. Te ei [&hellip;]<\/p>\n","protected":false},"author":1,"featured_media":0,"parent":0,"menu_order":0,"comment_status":"closed","ping_status":"closed","template":"","meta":{"footnotes":""},"class_list":["post-7209","page","type-page","status-publish","hentry"],"yoast_head":"<!-- This site is optimized with the Yoast SEO plugin v27.4 - https:\/\/yoast.com\/product\/yoast-seo-wordpress\/ -->\n<title>Tingimused - Denco<\/title>\n<meta name=\"robots\" content=\"index, follow, max-snippet:-1, max-image-preview:large, max-video-preview:-1\" \/>\n<link rel=\"canonical\" href=\"https:\/\/denco.ee\/et\/tingimused\/\" \/>\n<meta property=\"og:locale\" content=\"et_EE\" \/>\n<meta property=\"og:type\" content=\"article\" \/>\n<meta property=\"og:title\" content=\"Tingimused - Denco\" \/>\n<meta property=\"og:description\" content=\"\u00dcldtingimused Need tingimused reguleerivad veebisaidi denco.ee (edaspidi \u201cVeebisait\u201d) kasutamist. Veebisaidi omanik ja operaator on DENCO AGENCY O\u00dc (edaspidi \u201cMeie\u201d). Veebisaiti kasutades n\u00f5ustute nende tingimustega. Kui te nende tingimustega ei n\u00f5ustu, \u00e4rge palun kasutage seda veebisaiti. Autori\u00f5igused Kogu sisu, sealhulgas tekstid ja pildid veebisaidil on meie v\u00f5i kolmanda osapoole intellektuaalomand ja on kaitstud autori\u00f5igustega. Te ei [&hellip;]\" \/>\n<meta property=\"og:url\" content=\"https:\/\/denco.ee\/et\/tingimused\/\" \/>\n<meta property=\"og:site_name\" content=\"Denco\" \/>\n<meta property=\"article:modified_time\" content=\"2024-05-13T10:13:23+00:00\" \/>\n<meta name=\"twitter:card\" content=\"summary_large_image\" \/>\n<meta name=\"twitter:label1\" content=\"Est. reading time\" \/>\n\t<meta name=\"twitter:data1\" content=\"1 minut\" \/>\n<script type=\"application\/ld+json\" class=\"yoast-schema-graph\">{\"@context\":\"https:\\\/\\\/schema.org\",\"@graph\":[{\"@type\":\"WebPage\",\"@id\":\"https:\\\/\\\/denco.ee\\\/et\\\/tingimused\\\/\",\"url\":\"https:\\\/\\\/denco.ee\\\/et\\\/tingimused\\\/\",\"name\":\"Tingimused - Denco\",\"isPartOf\":{\"@id\":\"https:\\\/\\\/denco.ee\\\/et\\\/#website\"},\"datePublished\":\"2024-02-21T12:54:08+00:00\",\"dateModified\":\"2024-05-13T10:13:23+00:00\",\"breadcrumb\":{\"@id\":\"https:\\\/\\\/denco.ee\\\/et\\\/tingimused\\\/#breadcrumb\"},\"inLanguage\":\"et\",\"potentialAction\":[{\"@type\":\"ReadAction\",\"target\":[\"https:\\\/\\\/denco.ee\\\/et\\\/tingimused\\\/\"]}]},{\"@type\":\"BreadcrumbList\",\"@id\":\"https:\\\/\\\/denco.ee\\\/et\\\/tingimused\\\/#breadcrumb\",\"itemListElement\":[{\"@type\":\"ListItem\",\"position\":1,\"name\":\"Home\",\"item\":\"https:\\\/\\\/denco.ee\\\/et\\\/\"},{\"@type\":\"ListItem\",\"position\":2,\"name\":\"Tingimused\"}]},{\"@type\":\"WebSite\",\"@id\":\"https:\\\/\\\/denco.ee\\\/et\\\/#website\",\"url\":\"https:\\\/\\\/denco.ee\\\/et\\\/\",\"name\":\"Denco\",\"description\":\"Laevade agenteerimine, maanteetransport ja reisijatevedu\",\"publisher\":{\"@id\":\"https:\\\/\\\/denco.ee\\\/et\\\/#organization\"},\"potentialAction\":[{\"@type\":\"SearchAction\",\"target\":{\"@type\":\"EntryPoint\",\"urlTemplate\":\"https:\\\/\\\/denco.ee\\\/et\\\/?s={search_term_string}\"},\"query-input\":{\"@type\":\"PropertyValueSpecification\",\"valueRequired\":true,\"valueName\":\"search_term_string\"}}],\"inLanguage\":\"et\"},{\"@type\":\"Organization\",\"@id\":\"https:\\\/\\\/denco.ee\\\/et\\\/#organization\",\"name\":\"Denco Agency O\u00dc\",\"url\":\"https:\\\/\\\/denco.ee\\\/et\\\/\",\"logo\":{\"@type\":\"ImageObject\",\"inLanguage\":\"et\",\"@id\":\"https:\\\/\\\/denco.ee\\\/et\\\/#\\\/schema\\\/logo\\\/image\\\/\",\"url\":\"https:\\\/\\\/denco.ee\\\/wp-content\\\/uploads\\\/2024\\\/02\\\/denco_logo.svg\",\"contentUrl\":\"https:\\\/\\\/denco.ee\\\/wp-content\\\/uploads\\\/2024\\\/02\\\/denco_logo.svg\",\"width\":401,\"height\":178,\"caption\":\"Denco Agency O\u00dc\"},\"image\":{\"@id\":\"https:\\\/\\\/denco.ee\\\/et\\\/#\\\/schema\\\/logo\\\/image\\\/\"}}]}<\/script>\n<!-- \/ Yoast SEO plugin. -->","yoast_head_json":{"title":"Tingimused - Denco","robots":{"index":"index","follow":"follow","max-snippet":"max-snippet:-1","max-image-preview":"max-image-preview:large","max-video-preview":"max-video-preview:-1"},"canonical":"https:\/\/denco.ee\/et\/tingimused\/","og_locale":"et_EE","og_type":"article","og_title":"Tingimused - Denco","og_description":"\u00dcldtingimused Need tingimused reguleerivad veebisaidi denco.ee (edaspidi \u201cVeebisait\u201d) kasutamist. Veebisaidi omanik ja operaator on DENCO AGENCY O\u00dc (edaspidi \u201cMeie\u201d). Veebisaiti kasutades n\u00f5ustute nende tingimustega. Kui te nende tingimustega ei n\u00f5ustu, \u00e4rge palun kasutage seda veebisaiti. Autori\u00f5igused Kogu sisu, sealhulgas tekstid ja pildid veebisaidil on meie v\u00f5i kolmanda osapoole intellektuaalomand ja on kaitstud autori\u00f5igustega. Te ei [&hellip;]","og_url":"https:\/\/denco.ee\/et\/tingimused\/","og_site_name":"Denco","article_modified_time":"2024-05-13T10:13:23+00:00","twitter_card":"summary_large_image","twitter_misc":{"Est. reading time":"1 minut"},"schema":{"@context":"https:\/\/schema.org","@graph":[{"@type":"WebPage","@id":"https:\/\/denco.ee\/et\/tingimused\/","url":"https:\/\/denco.ee\/et\/tingimused\/","name":"Tingimused - Denco","isPartOf":{"@id":"https:\/\/denco.ee\/et\/#website"},"datePublished":"2024-02-21T12:54:08+00:00","dateModified":"2024-05-13T10:13:23+00:00","breadcrumb":{"@id":"https:\/\/denco.ee\/et\/tingimused\/#breadcrumb"},"inLanguage":"et","potentialAction":[{"@type":"ReadAction","target":["https:\/\/denco.ee\/et\/tingimused\/"]}]},{"@type":"BreadcrumbList","@id":"https:\/\/denco.ee\/et\/tingimused\/#breadcrumb","itemListElement":[{"@type":"ListItem","position":1,"name":"Home","item":"https:\/\/denco.ee\/et\/"},{"@type":"ListItem","position":2,"name":"Tingimused"}]},{"@type":"WebSite","@id":"https:\/\/denco.ee\/et\/#website","url":"https:\/\/denco.ee\/et\/","name":"Denco","description":"Laevade agenteerimine, maanteetransport ja reisijatevedu","publisher":{"@id":"https:\/\/denco.ee\/et\/#organization"},"potentialAction":[{"@type":"SearchAction","target":{"@type":"EntryPoint","urlTemplate":"https:\/\/denco.ee\/et\/?s={search_term_string}"},"query-input":{"@type":"PropertyValueSpecification","valueRequired":true,"valueName":"search_term_string"}}],"inLanguage":"et"},{"@type":"Organization","@id":"https:\/\/denco.ee\/et\/#organization","name":"Denco Agency O\u00dc","url":"https:\/\/denco.ee\/et\/","logo":{"@type":"ImageObject","inLanguage":"et","@id":"https:\/\/denco.ee\/et\/#\/schema\/logo\/image\/","url":"https:\/\/denco.ee\/wp-content\/uploads\/2024\/02\/denco_logo.svg","contentUrl":"https:\/\/denco.ee\/wp-content\/uploads\/2024\/02\/denco_logo.svg","width":401,"height":178,"caption":"Denco Agency O\u00dc"},"image":{"@id":"https:\/\/denco.ee\/et\/#\/schema\/logo\/image\/"}}]}},"_links":{"self":[{"href":"https:\/\/denco.ee\/et\/wp-json\/wp\/v2\/pages\/7209","targetHints":{"allow":["GET"]}}],"collection":[{"href":"https:\/\/denco.ee\/et\/wp-json\/wp\/v2\/pages"}],"about":[{"href":"https:\/\/denco.ee\/et\/wp-json\/wp\/v2\/types\/page"}],"author":[{"embeddable":true,"href":"https:\/\/denco.ee\/et\/wp-json\/wp\/v2\/users\/1"}],"replies":[{"embeddable":true,"href":"https:\/\/denco.ee\/et\/wp-json\/wp\/v2\/comments?post=7209"}],"version-history":[{"count":4,"href":"https:\/\/denco.ee\/et\/wp-json\/wp\/v2\/pages\/7209\/revisions"}],"predecessor-version":[{"id":7392,"href":"https:\/\/denco.ee\/et\/wp-json\/wp\/v2\/pages\/7209\/revisions\/7392"}],"wp:attachment":[{"href":"https:\/\/denco.ee\/et\/wp-json\/wp\/v2\/media?parent=7209"}],"curies":[{"name":"wp","href":"https:\/\/api.w.org\/{rel}","templated":true}]}}